{"id":15601,"date":"2025-11-09T16:11:17","date_gmt":"2025-11-09T15:11:17","guid":{"rendered":"https:\/\/stocks-container.com\/?post_type=product&#038;p=15601"},"modified":"2025-11-09T16:11:18","modified_gmt":"2025-11-09T15:11:18","slug":"contenedor-maritimo-10-pies-primer-viaje-acero-corten","status":"publish","type":"product","link":"https:\/\/stocks-container.com\/index.php\/produit\/contenedor-maritimo-10-pies-primer-viaje-acero-corten\/","title":{"rendered":"Contenedor mar\u00edtimo 10 pies-Primer viaje-Acero CORTEN"},"content":{"rendered":"<p>Opte por este contenedor mar\u00edtimo de 10 pies: un viaje \u00fanico, ideal para almacenamiento, transporte o transformaci\u00f3n seguros en un espacio amueblado. Construido en acero CORTEN resistente a la corrosi\u00f3n, est\u00e1 dise\u00f1ado para soportar las condiciones clim\u00e1ticas m\u00e1s extremas.<\/p>\n<p>Su piso de madera contrachapada marina de 19 capas (28 mm) ofrece una robustez excepcional, y sus manijas de las puertas con cerradura, as\u00ed como la caja de seguridad integrada, garantizan una protecci\u00f3n \u00f3ptima de sus pertenencias.<\/p>\n<p>characteristics Caracter\u00edsticas t\u00e9cnicas<br \/>\nEspecificaci\u00f3n<\/p>\n<p>Detalle<\/p>\n<p>Estado<\/p>\n<p>Un viaje (casi nuevo)<\/p>\n<p>Materiales<\/p>\n<p>Acero CORTEN resistente a la corrosi\u00f3n<\/p>\n<p>Suelo<\/p>\n<p>contrachapado marino de 19 capas-28 mm<\/p>\n<p>Ventilaci\u00f3n<\/p>\n<p>4 ventilaciones resistentes a la intemperie<\/p>\n<p>Bloqueo<\/p>\n<p>manijas de barra de 36\u2033 + carcasa segura<\/p>\n<p>Pasajes de bifurcaci\u00f3n<\/p>\n<p>S\u00ed-facilitar el manejo<\/p>\n<p>\ud83d\udccf Dimensiones<br \/>\nTipo<\/p>\n<p>Dimensiones<\/p>\n<p>Al Aire Libre<\/p>\n<p>9 \u20189 \u00be\u00bb de ancho x 8 \u2018de ancho x 8\u2019 6 \u00bb de Alto<\/p>\n<p>Interior<\/p>\n<p>9 \u2018 4 \u00abDe ancho x 7 \u20188\u2033 de ancho x 7 \u2018 10 \u00bb de Alto<\/p>\n<p>Apertura de la puerta<\/p>\n<p>7 \u2018 8 \u00abde ancho x 7\u2019 5 \u00bb de alto<\/p>\n<p>\ufe0f \ufe0f Capacidad de carga<br \/>\nPeso en vac\u00edo: 1519 kg (3350 lb)<br \/>\nCarga \u00fatil: 30.600 libras (13.880 kg)<br \/>\nPossible Posibles usos<br \/>\nAlmacenamiento de equipos de construcci\u00f3n o agr\u00edcolas<br \/>\nTransporte de mercanc\u00edas<br \/>\nDistribuci\u00f3n de oficinas, bares o salas t\u00e9cnicas<br \/>\nBase de vida m\u00f3vil<br \/>\n? \u00bfPor qu\u00e9 elegir este modelo?<br \/>\n\u2705 Alta resistencia a la intemperie<br \/>\n\u2705 Seguridad reforzada con caja de seguridad<br \/>\n\u2705 Perfecto para proyectos temporales o a largo plazo<br \/>\n\u2705 Compatible con transporte mar\u00edtimo y terrestre<\/p>\n","protected":false},"excerpt":{"rendered":"<p>Capacidad de carga<br \/>\nPeso en vac\u00edo: 1519 kg (3350 lb)<br \/>\nCarga \u00fatil: 30.600 libras (13.880 kg)<br \/>\nPossible Posibles usos<br \/>\nAlmacenamiento de equipos de construcci\u00f3n o agr\u00edcolas<br \/>\nTransporte de mercanc\u00edas<br \/>\nDistribuci\u00f3n de oficinas, bares o salas t\u00e9cnicas<br \/>\nBase de vida m\u00f3vil<\/p>\n","protected":false},"featured_media":15602,"comment_status":"open","ping_status":"closed","template":"","meta":[],"product_brand":[],"product_cat":[72],"product_tag":[],"class_list":{"0":"post-15601","1":"product","2":"type-product","3":"status-publish","4":"has-post-thumbnail","6":"product_cat-contenedor-10-pies","8":"first","9":"instock","10":"shipping-taxable","11":"purchasable","12":"product-type-simple"},"_links":{"self":[{"href":"https:\/\/stocks-container.com\/index.php\/wp-json\/wp\/v2\/product\/15601","targetHints":{"allow":["GET"]}}],"collection":[{"href":"https:\/\/stocks-container.com\/index.php\/wp-json\/wp\/v2\/product"}],"about":[{"href":"https:\/\/stocks-container.com\/index.php\/wp-json\/wp\/v2\/types\/product"}],"replies":[{"embeddable":true,"href":"https:\/\/stocks-container.com\/index.php\/wp-json\/wp\/v2\/comments?post=15601"}],"version-history":[{"count":1,"href":"https:\/\/stocks-container.com\/index.php\/wp-json\/wp\/v2\/product\/15601\/revisions"}],"predecessor-version":[{"id":15605,"href":"https:\/\/stocks-container.com\/index.php\/wp-json\/wp\/v2\/product\/15601\/revisions\/15605"}],"wp:featuredmedia":[{"embeddable":true,"href":"https:\/\/stocks-container.com\/index.php\/wp-json\/wp\/v2\/media\/15602"}],"wp:attachment":[{"href":"https:\/\/stocks-container.com\/index.php\/wp-json\/wp\/v2\/media?parent=15601"}],"wp:term":[{"taxonomy":"product_brand","embeddable":true,"href":"https:\/\/stocks-container.com\/index.php\/wp-json\/wp\/v2\/product_brand?post=15601"},{"taxonomy":"product_cat","embeddable":true,"href":"https:\/\/stocks-container.com\/index.php\/wp-json\/wp\/v2\/product_cat?post=15601"},{"taxonomy":"product_tag","embeddable":true,"href":"https:\/\/stocks-container.com\/index.php\/wp-json\/wp\/v2\/product_tag?post=15601"}],"curies":[{"name":"wp","href":"https:\/\/api.w.org\/{rel}","templated":true}]}}