{"id":15774,"date":"2025-11-09T22:15:51","date_gmt":"2025-11-09T21:15:51","guid":{"rendered":"https:\/\/stocks-container.com\/?post_type=product&#038;p=15774"},"modified":"2025-11-09T22:15:51","modified_gmt":"2025-11-09T21:15:51","slug":"contenedor-refrigerado-cubo-alto-de-40-pies-usado-2010-csc-valido","status":"publish","type":"product","link":"https:\/\/stocks-container.com\/index.php\/produit\/contenedor-refrigerado-cubo-alto-de-40-pies-usado-2010-csc-valido\/","title":{"rendered":"Contenedor Refrigerado Cubo Alto de 40 Pies \u2013 Usado (2010 \u2013 \u2013 CSC V\u00e1lido"},"content":{"rendered":"<p>El contenedor refrigerado High Cube de 40 pies es la soluci\u00f3n ideal para el transporte y almacenamiento de productos sensibles a la temperatura, ya sean alimentos, productos farmac\u00e9uticos o materias primas. Gracias a su estructura isot\u00e9rmica reforzada y su capacidad de refrigeraci\u00f3n hasta -25 \u00b0 C, este contenedor garantiza una cadena de fr\u00edo fiable y segura.<\/p>\n<p>specifications Especificaciones t\u00e9cnicas<br \/>\nDimensiones externas: L 12.192 mm x An 2.438 mm x Al 2.896 mm<br \/>\nDimensiones internas: L 12.032 mm x An 2.352 mm x Al 2.698 mm<br \/>\nDimensiones de la puerta: An 2 340 mm x Al 2 585 mm<br \/>\nVolumen interior: 76,4 m3<br \/>\nCapacidad Euro pallet: 23<br \/>\nPeso en vac\u00edo: 4.550 kg<br \/>\nCarga \u00fatil: 29.450 kg<br \/>\nPeso total autorizado: 34.000 kg<br \/>\nC\u00f3digo ISO: 45R1<br \/>\nClave de grupo ISO: 45RT<br \/>\nDistintivo CSC: \u2705 V\u00e1lido<br \/>\n\ufe0f \ufe0f Sistema de refrigeraci\u00f3n<br \/>\nRango de temperatura: de +25 \u00b0 C a -25\u00b0C<br \/>\nRefrigerante: R134a<br \/>\nConexi\u00f3n el\u00e9ctrica: 380V \/ 32 A<br \/>\nConsumo de energ\u00eda: 6 a 10 kW \/ h<br \/>\nNivel de ruido: 63 a 78 dB a 1 metro<br \/>\nFeatures\ufe0f Caracter\u00edsticas<br \/>\nTama\u00f1o: Cubo de 40 pies de alto (HC)<br \/>\nA\u00f1o de construcci\u00f3n : 2010<br \/>\nUbicaci\u00f3n: Hamburgo<br \/>\nTransporte de mercanc\u00edas sensibles a la temperatura<br \/>\nPerfectamente impermeable, aislado y certificado para el transporte internacional<br \/>\napplications Aplicaciones comunes<br \/>\nTransporte de productos congelados o frescos<br \/>\nAlmacenamiento temporal en sitio de construcci\u00f3n o sitio industrial<br \/>\nSoluci\u00f3n de emergencia para c\u00e1maras frigor\u00edficas<br \/>\nAdecuado para est\u00e1ndares log\u00edsticos internacionales<\/p>\n","protected":false},"excerpt":{"rendered":"<p>El contenedor refrigerado High Cube de 40 pies es la soluci\u00f3n ideal para el transporte y almacenamiento de productos sensibles a la temperatura, ya sean alimentos, productos farmac\u00e9uticos o materias primas. Gracias a su estructura isot\u00e9rmica reforzada y su capacidad de refrigeraci\u00f3n hasta -25 \u00b0 C, este contenedor garantiza una cadena de fr\u00edo fiable y segura.<\/p>\n","protected":false},"featured_media":15775,"comment_status":"open","ping_status":"closed","template":"","meta":[],"product_brand":[],"product_cat":[75],"product_tag":[],"class_list":{"0":"post-15774","1":"product","2":"type-product","3":"status-publish","4":"has-post-thumbnail","6":"product_cat-contenedor-frigorifico","8":"first","9":"instock","10":"shipping-taxable","11":"purchasable","12":"product-type-simple"},"_links":{"self":[{"href":"https:\/\/stocks-container.com\/index.php\/wp-json\/wp\/v2\/product\/15774","targetHints":{"allow":["GET"]}}],"collection":[{"href":"https:\/\/stocks-container.com\/index.php\/wp-json\/wp\/v2\/product"}],"about":[{"href":"https:\/\/stocks-container.com\/index.php\/wp-json\/wp\/v2\/types\/product"}],"replies":[{"embeddable":true,"href":"https:\/\/stocks-container.com\/index.php\/wp-json\/wp\/v2\/comments?post=15774"}],"version-history":[{"count":1,"href":"https:\/\/stocks-container.com\/index.php\/wp-json\/wp\/v2\/product\/15774\/revisions"}],"predecessor-version":[{"id":15781,"href":"https:\/\/stocks-container.com\/index.php\/wp-json\/wp\/v2\/product\/15774\/revisions\/15781"}],"wp:featuredmedia":[{"embeddable":true,"href":"https:\/\/stocks-container.com\/index.php\/wp-json\/wp\/v2\/media\/15775"}],"wp:attachment":[{"href":"https:\/\/stocks-container.com\/index.php\/wp-json\/wp\/v2\/media?parent=15774"}],"wp:term":[{"taxonomy":"product_brand","embeddable":true,"href":"https:\/\/stocks-container.com\/index.php\/wp-json\/wp\/v2\/product_brand?post=15774"},{"taxonomy":"product_cat","embeddable":true,"href":"https:\/\/stocks-container.com\/index.php\/wp-json\/wp\/v2\/product_cat?post=15774"},{"taxonomy":"product_tag","embeddable":true,"href":"https:\/\/stocks-container.com\/index.php\/wp-json\/wp\/v2\/product_tag?post=15774"}],"curies":[{"name":"wp","href":"https:\/\/api.w.org\/{rel}","templated":true}]}}