{"id":16206,"date":"2025-12-16T03:56:04","date_gmt":"2025-12-16T02:56:04","guid":{"rendered":"https:\/\/stocks-container.com\/?post_type=product&#038;p=16206"},"modified":"2025-12-16T03:56:04","modified_gmt":"2025-12-16T02:56:04","slug":"contenedor-seco-de-20-pies","status":"publish","type":"product","link":"https:\/\/stocks-container.com\/index.php\/produit\/contenedor-seco-de-20-pies\/","title":{"rendered":"Contenedor seco de 20 pies"},"content":{"rendered":"<p>Contenedor seco de 20 pies: soluci\u00f3n vers\u00e1til para almacenamiento y transporte<br \/>\nEl contenedor de 20 pies, uno de los modelos m\u00e1s solicitados del mercado, es ideal para almacenar o transportar sus productos no perecederos en cualquier situaci\u00f3n. Ya sea para un nuevo uso (primer viaje) o usado (\u00faltimo viaje), este contenedor robusto y seguro se adapta perfectamente a sus necesidades.<\/p>\n<p>Versatilidad y multimodalidad del Contenedor Seco de 20 pies<br \/>\nEste contenedor de 20 pies es extremadamente vers\u00e1til. Es adecuado tanto para el almacenamiento seguro de mercanc\u00edas como para el transporte multimodal(tren, cami\u00f3n, barco). Incluso se puede convertir para uso residencial u oficina m\u00f3vil gracias a la adici\u00f3n de puertas, ventanas y otros accesorios. Para descubrir nuestras soluciones de desarrollo de contenedores, consulte nuestra p\u00e1gina dedicada.<\/p>\n<p>Sellado y protecci\u00f3n \u00f3ptimos<br \/>\nGracias a su dise\u00f1o de acero corrugado corten, este contenedor es perfectamente impermeable y a prueba de luz, garantizando as\u00ed unas condiciones \u00f3ptimas de almacenamiento y transporte. Sus productos est\u00e1n protegidos contra el mal tiempo, la humedad y el polvo.<\/p>\n<p>Seguridad mejorada<br \/>\nEl contenedor de 20 pies garantiza una protecci\u00f3n eficaz contra robos. Su sistema de cierre seguro garantiza una total tranquilidad. Para obtener m\u00e1s informaci\u00f3n sobre seguridad, consulte nuestro art\u00edculo sobre seguridad de contenedores de transporte.<\/p>\n<p>Robustez y durabilidad<br \/>\nFabricado en acero corten, un material reconocido por su resistencia a la corrosi\u00f3n, este contenedor ofrece una gran longevidad ante golpes y condiciones externas. Soporta f\u00e1cilmente los caprichos del transporte de larga distancia. Descubra tambi\u00e9n nuestros otros modelos s\u00f3lidos, como el contenedor mar\u00edtimo de 40 pies.<\/p>\n<p>Facilidad de uso<br \/>\nCon sus dimensiones est\u00e1ndar (6.058 m de largo x 2.438 m de ancho x 2.591 m de alto), este contenedor de 20 pies garantiza un f\u00e1cil acceso y optimizaci\u00f3n del espacio. Pesa unos 2.250 kg y ofrece un volumen interior de 33 m3 para una superficie construida de 13,84 m2.<\/p>\n<p>Caracter\u00edsticas t\u00e9cnicas del contenedor seco de 20 pies<br \/>\nDimensiones externas :<\/p>\n<p>Eslora: 6.058 m<\/p>\n<p>Ancho: 2.438 m<\/p>\n<p>Altura: 2.591 m<\/p>\n<p>Dimensiones internas :<\/p>\n<p>Longitud : 5.895 m<\/p>\n<p>Ancho: 2.350 m<\/p>\n<p>Altura: 2.390 m<\/p>\n<p>Peso en vac\u00edo: 2.250 kg<\/p>\n<p>Volumen interno: 33 m3<\/p>\n<p>Superficie construida: 13,84 m2<\/p>\n","protected":false},"excerpt":{"rendered":"<p>Contenedor seco de 20 pies: soluci\u00f3n vers\u00e1til para almacenamiento y transporte El contenedor de 20 pies, uno de los modelos<\/p>\n","protected":false},"featured_media":16207,"comment_status":"open","ping_status":"closed","template":"","meta":[],"product_brand":[],"product_cat":[20],"product_tag":[],"class_list":{"0":"post-16206","1":"product","2":"type-product","3":"status-publish","4":"has-post-thumbnail","6":"product_cat-accessories","8":"first","9":"instock","10":"shipping-taxable","11":"purchasable","12":"product-type-simple"},"_links":{"self":[{"href":"https:\/\/stocks-container.com\/index.php\/wp-json\/wp\/v2\/product\/16206","targetHints":{"allow":["GET"]}}],"collection":[{"href":"https:\/\/stocks-container.com\/index.php\/wp-json\/wp\/v2\/product"}],"about":[{"href":"https:\/\/stocks-container.com\/index.php\/wp-json\/wp\/v2\/types\/product"}],"replies":[{"embeddable":true,"href":"https:\/\/stocks-container.com\/index.php\/wp-json\/wp\/v2\/comments?post=16206"}],"version-history":[{"count":1,"href":"https:\/\/stocks-container.com\/index.php\/wp-json\/wp\/v2\/product\/16206\/revisions"}],"predecessor-version":[{"id":16210,"href":"https:\/\/stocks-container.com\/index.php\/wp-json\/wp\/v2\/product\/16206\/revisions\/16210"}],"wp:featuredmedia":[{"embeddable":true,"href":"https:\/\/stocks-container.com\/index.php\/wp-json\/wp\/v2\/media\/16207"}],"wp:attachment":[{"href":"https:\/\/stocks-container.com\/index.php\/wp-json\/wp\/v2\/media?parent=16206"}],"wp:term":[{"taxonomy":"product_brand","embeddable":true,"href":"https:\/\/stocks-container.com\/index.php\/wp-json\/wp\/v2\/product_brand?post=16206"},{"taxonomy":"product_cat","embeddable":true,"href":"https:\/\/stocks-container.com\/index.php\/wp-json\/wp\/v2\/product_cat?post=16206"},{"taxonomy":"product_tag","embeddable":true,"href":"https:\/\/stocks-container.com\/index.php\/wp-json\/wp\/v2\/product_tag?post=16206"}],"curies":[{"name":"wp","href":"https:\/\/api.w.org\/{rel}","templated":true}]}}