{"id":16251,"date":"2025-12-16T16:43:23","date_gmt":"2025-12-16T15:43:23","guid":{"rendered":"https:\/\/stocks-container.com\/?post_type=product&#038;p=16251"},"modified":"2025-12-16T16:43:24","modified_gmt":"2025-12-16T15:43:24","slug":"almacen-con-2x40-hc-contenedores-one-way-60m2","status":"publish","type":"product","link":"https:\/\/stocks-container.com\/index.php\/produit\/almacen-con-2x40-hc-contenedores-one-way-60m2\/","title":{"rendered":"Almac\u00e9n Con 2\u00d740 Hc Contenedores One Way (60m2)"},"content":{"rendered":"<p>Prestamos especial atenci\u00f3n al est\u00e1ndar de los contenedores ofrecidos \u2013 sequedad, estanqueidad, estado del suelo y estado general de las paredes y estructura, lisura de las puertas.<\/p>\n<p>Contenedor disponible inmediatamente.<\/p>\n<p>Posibilidad de inspecci\u00f3n en la terminal de Ligota Pi\u0119kna cerca de Wroc\u0142aw.<br \/>\nPosibilidad de recogida personal. Ofrecemos transporte HDS.<\/p>\n<p>ESPECIFICACIONES DEL CONTENEDOR:<\/p>\n<p>Dimensiones:<\/p>\n<p>anchura: 4,88 m<\/p>\n<p>largo: 12,19 m<\/p>\n<p>altura: 2,90 m<\/p>\n<p>superficie: 59,49 m<\/p>\n<p>Contenedores mar\u00edtimos:<\/p>\n<p>Variante: HC (High Cube \u2013 elevado)<\/p>\n<p>Versi\u00f3n: Modificada<\/p>\n<p>Tipo de puerta: Marine original<\/p>\n","protected":false},"excerpt":{"rendered":"<p>Prestamos especial atenci\u00f3n al est\u00e1ndar de los contenedores ofrecidos \u2013 sequedad, estanqueidad, estado del suelo y estado general de las<\/p>\n","protected":false},"featured_media":16252,"comment_status":"open","ping_status":"closed","template":"","meta":[],"product_brand":[],"product_cat":[74],"product_tag":[],"class_list":{"0":"post-16251","1":"product","2":"type-product","3":"status-publish","4":"has-post-thumbnail","6":"product_cat-contenedor-de-40-pies","8":"first","9":"instock","10":"shipping-taxable","11":"purchasable","12":"product-type-simple"},"_links":{"self":[{"href":"https:\/\/stocks-container.com\/index.php\/wp-json\/wp\/v2\/product\/16251","targetHints":{"allow":["GET"]}}],"collection":[{"href":"https:\/\/stocks-container.com\/index.php\/wp-json\/wp\/v2\/product"}],"about":[{"href":"https:\/\/stocks-container.com\/index.php\/wp-json\/wp\/v2\/types\/product"}],"replies":[{"embeddable":true,"href":"https:\/\/stocks-container.com\/index.php\/wp-json\/wp\/v2\/comments?post=16251"}],"version-history":[{"count":1,"href":"https:\/\/stocks-container.com\/index.php\/wp-json\/wp\/v2\/product\/16251\/revisions"}],"predecessor-version":[{"id":16258,"href":"https:\/\/stocks-container.com\/index.php\/wp-json\/wp\/v2\/product\/16251\/revisions\/16258"}],"wp:featuredmedia":[{"embeddable":true,"href":"https:\/\/stocks-container.com\/index.php\/wp-json\/wp\/v2\/media\/16252"}],"wp:attachment":[{"href":"https:\/\/stocks-container.com\/index.php\/wp-json\/wp\/v2\/media?parent=16251"}],"wp:term":[{"taxonomy":"product_brand","embeddable":true,"href":"https:\/\/stocks-container.com\/index.php\/wp-json\/wp\/v2\/product_brand?post=16251"},{"taxonomy":"product_cat","embeddable":true,"href":"https:\/\/stocks-container.com\/index.php\/wp-json\/wp\/v2\/product_cat?post=16251"},{"taxonomy":"product_tag","embeddable":true,"href":"https:\/\/stocks-container.com\/index.php\/wp-json\/wp\/v2\/product_tag?post=16251"}],"curies":[{"name":"wp","href":"https:\/\/api.w.org\/{rel}","templated":true}]}}