{"id":16359,"date":"2025-12-16T18:00:07","date_gmt":"2025-12-16T17:00:07","guid":{"rendered":"https:\/\/stocks-container.com\/?post_type=product&#038;p=16359"},"modified":"2025-12-16T18:00:08","modified_gmt":"2025-12-16T17:00:08","slug":"contenedor-seco-de-40-pies-almacenamiento-de-gran-capacidad-y-transporte-maritimo","status":"publish","type":"product","link":"https:\/\/stocks-container.com\/index.php\/produit\/contenedor-seco-de-40-pies-almacenamiento-de-gran-capacidad-y-transporte-maritimo\/","title":{"rendered":"Contenedor seco de 40 Pies-Almacenamiento de Gran Capacidad y Transporte Mar\u00edtimo"},"content":{"rendered":"<p>Contenedor seco de 40 Pies-Almacenamiento de Gran Capacidad y Transporte Mar\u00edtimo<br \/>\n\u00bfEst\u00e1 buscando una soluci\u00f3n de almacenamiento o transporte confiable y econ\u00f3mica? El contenedor seco de 40 pies es el contenedor mar\u00edtimo est\u00e1ndar m\u00e1s utilizado para el transporte internacional y el almacenamiento seguro de gran capacidad. Robusto, estanco y conforme a las normas ISO \/ CSC, se adapta a todos los usos: log\u00edstica, obras de construcci\u00f3n, almacenamiento agr\u00edcola, eventos o viviendas modulares. Fabricado en acero Corten ultrarresistente, este recipiente ofrece una excelente relaci\u00f3n superficie \/ precio y una durabilidad infalible.<\/p>\n<p>\u00bfPor qu\u00e9 elegir un contenedor de 40 pies?<br \/>\nPerfectamente adaptado al transporte de mercanc\u00edas voluminosas o al almacenamiento a largo plazo, el contenedor de 40 pies ofrece una superficie interior de m\u00e1s de 28 m2 para un volumen de casi 68 m3. Su estructura impermeable de una pieza protege sus pertenencias de la humedad, el mal tiempo, las plagas y la luz.<\/p>\n<p>Disponible en versiones nuevas (primer viaje) o usadas (\u00faltimo viaje), este contenedor est\u00e1 certificado seg\u00fan las normas ISO y CSC, asegurando su compatibilidad con sistemas de transporte multimodal: cami\u00f3n, tren, barco o carretilla elevadora.<\/p>\n<p>Las ventajas del contenedor seco de 40 pies<br \/>\nspace Espacio optimizado a un costo menor<br \/>\nEl contenedor barato de 40 pies permite un precio inmejorable por m2, ya sea para uso personal o profesional. Es adecuado para :<\/p>\n<p>el almacenamiento de equipos de construcci\u00f3n<\/p>\n<p>almacenamiento de muebles o archivos<\/p>\n<p>la implementaci\u00f3n de soluciones log\u00edsticas temporales<\/p>\n<p>la transformaci\u00f3n en un contenedor de oficina, un taller m\u00f3vil o incluso un h\u00e1bitat de contenedores<\/p>\n<p>Descubra nuestras opciones de dise\u00f1o en la p\u00e1gina Contenedores convertidos.<\/p>\n<p>Robust Robusto, duradero y 100% resistente al agua<br \/>\nHecho de chapa de acero corrugado corten, el contenedor de 40 pies es resistente a condiciones clim\u00e1ticas extremas, \u00f3xido y golpes mec\u00e1nicos. Sus precintos garantizan una protecci\u00f3n total contra el agua, el polvo y la luz, para garantizar la seguridad de tus pertenencias sensibles.<\/p>\n<p>Versatile Vers\u00e1til para todos los proyectos<br \/>\nEste modelo es f\u00e1cilmente personalizable: puede agregar puertas de vidrio, ventanas, aislamiento, aire acondicionado o integrarlo en un proyecto m\u00e1s grande (casa contenedor, comercio m\u00f3vil, etc.).<\/p>\n<p>Tambi\u00e9n puede optar por una versi\u00f3n espec\u00edfica, como el contenedor High Cube de 40 pies, que ofrece 30 cm adicionales de altura interior.<\/p>\n<p>Ficha t\u00e9cnica<br \/>\nLongitud exterior: 12,19 m<\/p>\n<p>Ancho exterior: 2,44 m<\/p>\n<p>Altura exterior: 2,59 m<\/p>\n<p>Volumen \u00fatil: 67,7 m3<\/p>\n<p>Peso en vac\u00edo: aprox. 3.700 kilogramos<\/p>\n<p>Carga \u00fatil m\u00e1xima: aprox. 26.000 kilogramos<\/p>\n<p>Puerta abatible doble con sistema de cierre seguro<\/p>\n<p>Normas ISO \/ CSC: S\u00ed<\/p>\n<p>Usos recomendados<br \/>\nTransporte internacional (contenedor mar\u00edtimo)<\/p>\n<p>Obras de construcci\u00f3n y obras p\u00fablicas (almacenamiento temporal)<\/p>\n<p>Agricultura (almacenamiento de material o cosecha)<\/p>\n<p>Eventos (backstage, refrigerios, stands)<\/p>\n<p>Vivienda modular (estudio, casita, etc.)<\/p>\n","protected":false},"excerpt":{"rendered":"<p>Contenedor seco de 40 Pies-Almacenamiento de Gran Capacidad y Transporte Mar\u00edtimo \u00bfEst\u00e1 buscando una soluci\u00f3n de almacenamiento o transporte confiable<\/p>\n","protected":false},"featured_media":16360,"comment_status":"open","ping_status":"closed","template":"","meta":[],"product_brand":[],"product_cat":[74],"product_tag":[],"class_list":{"0":"post-16359","1":"product","2":"type-product","3":"status-publish","4":"has-post-thumbnail","6":"product_cat-contenedor-de-40-pies","8":"first","9":"instock","10":"shipping-taxable","11":"purchasable","12":"product-type-simple"},"_links":{"self":[{"href":"https:\/\/stocks-container.com\/index.php\/wp-json\/wp\/v2\/product\/16359","targetHints":{"allow":["GET"]}}],"collection":[{"href":"https:\/\/stocks-container.com\/index.php\/wp-json\/wp\/v2\/product"}],"about":[{"href":"https:\/\/stocks-container.com\/index.php\/wp-json\/wp\/v2\/types\/product"}],"replies":[{"embeddable":true,"href":"https:\/\/stocks-container.com\/index.php\/wp-json\/wp\/v2\/comments?post=16359"}],"version-history":[{"count":1,"href":"https:\/\/stocks-container.com\/index.php\/wp-json\/wp\/v2\/product\/16359\/revisions"}],"predecessor-version":[{"id":16362,"href":"https:\/\/stocks-container.com\/index.php\/wp-json\/wp\/v2\/product\/16359\/revisions\/16362"}],"wp:featuredmedia":[{"embeddable":true,"href":"https:\/\/stocks-container.com\/index.php\/wp-json\/wp\/v2\/media\/16360"}],"wp:attachment":[{"href":"https:\/\/stocks-container.com\/index.php\/wp-json\/wp\/v2\/media?parent=16359"}],"wp:term":[{"taxonomy":"product_brand","embeddable":true,"href":"https:\/\/stocks-container.com\/index.php\/wp-json\/wp\/v2\/product_brand?post=16359"},{"taxonomy":"product_cat","embeddable":true,"href":"https:\/\/stocks-container.com\/index.php\/wp-json\/wp\/v2\/product_cat?post=16359"},{"taxonomy":"product_tag","embeddable":true,"href":"https:\/\/stocks-container.com\/index.php\/wp-json\/wp\/v2\/product_tag?post=16359"}],"curies":[{"name":"wp","href":"https:\/\/api.w.org\/{rel}","templated":true}]}}